{"id":1805,"date":"2022-08-02T19:31:08","date_gmt":"2022-08-02T17:31:08","guid":{"rendered":"https:\/\/pictue.com\/contact\/"},"modified":"2026-03-03T17:31:21","modified_gmt":"2026-03-03T15:31:21","slug":"contact","status":"publish","type":"page","link":"http:\/\/31.217.196.248\/~sggvcoqb\/contact\/?lang=en","title":{"rendered":"Contact"},"content":{"rendered":"\n\n  <div class=\"banner has-hover\" id=\"banner-109211352\">\n          <div class=\"banner-inner fill\">\n        <div class=\"banner-bg fill\" >\n            <div class=\"bg fill bg-fill bg-loaded\"><\/div>\n                                    \n                    <\/div>\n\t\t\n        <div class=\"banner-layers container\">\n            <div class=\"fill banner-link\"><\/div>            \n\n   <div id=\"text-box-1792496271\" class=\"text-box banner-layer x50 md-x50 lg-x50 y50 md-y25 lg-y25 res-text\">\n                                <div class=\"text-box-content text dark\">\n              \n              <div class=\"text-inner text-center\">\n                  \n\n\t<div id=\"text-1813459335\" class=\"text\">\n\t\t\n\n<h1><b>Yhteys<br><\/b><\/h1>\n<p><span style=\"color: #e2ac5b;\">Ota yhteytt\u00e4, olemme t\u00e4\u00e4l\u00e4 teit\u00e4 varten!<\/span><\/p>\n\t\t\n<style>\n#text-1813459335 {\n  font-size: 1rem;\n}\n<\/style>\n\t<\/div>\n\t\n\n              <\/div>\n           <\/div>\n                            \n<style>\n#text-box-1792496271 {\n  width: 89%;\n}\n#text-box-1792496271 .text-box-content {\n  font-size: 100%;\n}\n@media (min-width:550px) {\n  #text-box-1792496271 {\n    width: 70%;\n  }\n}\n<\/style>\n    <\/div>\n \n\n        <\/div>\n      <\/div>\n\n            \n<style>\n#banner-109211352 {\n  padding-top: 250px;\n}\n#banner-109211352 .bg.bg-loaded {\n  background-image: 98;\n}\n@media (min-width:550px) {\n  #banner-109211352 {\n    padding-top: 325px;\n  }\n}\n<\/style>\n  <\/div>\n\n\n\t<div id=\"gap-715372145\" class=\"gap-element clearfix\" style=\"display:block; height:auto;\">\n\t\t\n<style>\n#gap-715372145 {\n  padding-top: 50px;\n}\n<\/style>\n\t<\/div>\n\t\n\n<div class=\"row align-center\"  id=\"row-1723126519\">\n\n\n\t<div id=\"col-1170914499\" class=\"col medium-3 small-12 large-3\"  >\n\t\t\t\t<div class=\"col-inner text-center\"  >\n\t\t\t\n\t\t\t\n\n<h2><span style=\"font-size: 150%; color: #E2AC5B;\"><i class=\"fas fa-envelope\"><\/i><\/span><\/h2>\n\t<div id=\"text-1274799415\" class=\"text\">\n\t\t\n\n<h4>Myynti<\/h4>\n<p>sales@pictue.com<br \/><a href=\"tel:+358445828830\">+358 44 5828830<\/a><\/p>\n\t\t\n<style>\n#text-1274799415 {\n  line-height: 1;\n}\n<\/style>\n\t<\/div>\n\t\n\n\t\t<\/div>\n\t\t\t\t\t<\/div>\n\n\t\n\n\t<div id=\"col-1451467219\" class=\"col medium-3 small-12 large-3\"  >\n\t\t\t\t<div class=\"col-inner text-center\"  >\n\t\t\t\n\t\t\t\n\n<h2><span style=\"font-size: 150%; color: #e2ac5b;\"><i class=\"fas fa-headset\"><\/i><\/span><\/h2>\n\t<div id=\"text-1451772450\" class=\"text\">\n\t\t\n\n<h4>Tekninen tuki<\/h4>\n<p>support@pictue.com<br \/><a href=\"tel:+358505401412\">+358 50 540 1412<\/a><\/p>\n\t\t\n<style>\n#text-1451772450 {\n  line-height: 1;\n}\n<\/style>\n\t<\/div>\n\t\n\n\t\t<\/div>\n\t\t\t\t\t<\/div>\n\n\t\n\n\t<div id=\"col-1559488710\" class=\"col medium-3 small-12 large-3\"  >\n\t\t\t\t<div class=\"col-inner text-center\"  >\n\t\t\t\n\t\t\t\n\n<h2><span style=\"font-size: 150%; color: #E2AC5B;\"><i class=\"fas fa-map-location-dot\"><\/i><\/span><\/h2>\n\t<div id=\"text-527074291\" class=\"text\">\n\t\t\n\n<h4>Helsingin toimisto<\/h4>\n<p>Maria01<br \/>Lapinlahdenkatu 16<br \/>00180 Helsinki<\/p>\n\t\t\n<style>\n#text-527074291 {\n  line-height: 1;\n}\n<\/style>\n\t<\/div>\n\t\n\n\t\t<\/div>\n\t\t\t\t\t<\/div>\n\n\t\n\n\t<div id=\"col-937017439\" class=\"col medium-3 small-12 large-3\"  >\n\t\t\t\t<div class=\"col-inner text-center\"  >\n\t\t\t\n\t\t\t\n\n\n\t\t<\/div>\n\t\t\t\t\t<\/div>\n\n\t\n\n<\/div>\n\t<div id=\"gap-2073997357\" class=\"gap-element clearfix\" style=\"display:block; height:auto;\">\n\t\t\n<style>\n#gap-2073997357 {\n  padding-top: 50px;\n}\n<\/style>\n\t<\/div>\n\t\n\n\t<section class=\"section\" id=\"section_553898384\">\n\t\t<div class=\"bg section-bg fill bg-fill bg-loaded bg-loaded\" >\n\n\t\t\t\n\t\t\t\n\t\t\t\n\n\t\t<\/div>\n\n\t\t\n\n\t\t<div class=\"section-content relative\">\n\t\t\t\n\n<div class=\"row row-small align-center\"  id=\"row-1697909458\">\n\n\n\t<div id=\"col-309734121\" class=\"col small-12 large-12\"  >\n\t\t\t\t<div class=\"col-inner text-center\"  >\n\t\t\t\n\t\t\t\n\n\t<div id=\"text-2627556333\" class=\"text\">\n\t\t\n\n<h2>Miten voimme auttaa?<\/h2>\n\t\t\n<style>\n#text-2627556333 {\n  font-size: 1.5rem;\n}\n<\/style>\n\t<\/div>\n\t\n\n\t\t<\/div>\n\t\t\t\t\t<\/div>\n\n\t\n\n\t<div id=\"col-507364790\" class=\"col medium-8 small-12 large-8\"  >\n\t\t\t\t<div class=\"col-inner text-center\"  >\n\t\t\t\n\t\t\t\n\n\t<div id=\"text-3369257445\" class=\"text\">\n\t\t\n\n\n            <div \n                class=\"elfsight-widget-contact-form elfsight-widget\" \n                data-elfsight-contact-form-options=\"%7B%22ei%22%3A%22%22%2C%22fields%22%3A%5B%7B%22type%22%3A%22checkbox%22%2C%22label%22%3A%22%22%2C%22name%22%3A%22%22%2C%22placeholder%22%3A%22%22%2C%22options%22%3A%22Haluan%20tarjouksen%20sovelluksesta%5CnMinulla%20on%20kysytt%5Cu00e4v%5Cu00e4%5Cu00e4%20palvelusta%22%2C%22scaleNumbersMin%22%3A1%2C%22scaleNumbersMax%22%3A10%2C%22leftCaption%22%3A%22Not%20likely%22%2C%22rightCaption%22%3A%22Very%20likely%22%2C%22fileLinkCaption%22%3A%22Choose%20file%22%2C%22fileDragCaption%22%3A%22or%20drag%20%26%20drop%20here%22%2C%22text%22%3A%22Text%22%2C%22title%22%3A%22Heading%22%2C%22caption%22%3A%22%22%2C%22value%22%3A%22%22%2C%22labelText%22%3A%22Label%22%2C%22dateTime%22%3A%22date%22%2C%22dateFormat%22%3A%22d.m.Y%22%2C%22timeFormat%22%3A%22H%3Ai%22%2C%22starsCount%22%3A5%2C%22required%22%3Atrue%2C%22description%22%3A%22%22%2C%22columnWidth%22%3A100%2C%22elementColumnWidth%22%3A50%2C%22fileAllowedAll%22%3Atrue%2C%22fileAllowed%22%3A%5B%22.jpg%22%2C%22.jpeg%22%2C%22.png%22%2C%22.gif%22%2C%22.txt%22%2C%22.pdf%22%2C%22.doc%22%2C%22.docx%22%2C%22.pages%22%2C%22.numbers%22%2C%22.xls%22%2C%22.xlsx%22%2C%22.odt%22%2C%22.ppt%22%2C%22.pptx%22%2C%22.pps%22%2C%22.ppsx%22%2C%22.html%22%5D%2C%22fileMax%22%3A25%2C%22fields%22%3A%22%22%2C%22id%22%3A%22%5B%5D%22%7D%2C%7B%22type%22%3A%22text%22%2C%22placeholder%22%3A%22Nimi%22%2C%22description%22%3A%22%22%2C%22label%22%3A%22%22%2C%22required%22%3Atrue%2C%22columnWidth%22%3A50%2C%22id%22%3A%22%5B%5D%22%7D%2C%7B%22type%22%3A%22email%22%2C%22label%22%3A%22%22%2C%22description%22%3A%22%22%2C%22placeholder%22%3A%22S%5Cu00e4hk%5Cu00f6posti%22%2C%22required%22%3Atrue%2C%22columnWidth%22%3A50%2C%22id%22%3A%22%5B%5D%22%7D%2C%7B%22type%22%3A%22phone%22%2C%22label%22%3A%22%22%2C%22placeholder%22%3A%22Puhelinnumero%22%2C%22description%22%3A%22%22%2C%22required%22%3Atrue%2C%22columnWidth%22%3A50%2C%22id%22%3A%22%5B%5D%22%7D%2C%7B%22type%22%3A%22text%22%2C%22label%22%3A%22%22%2C%22name%22%3A%22%22%2C%22placeholder%22%3A%22Yritys%22%2C%22options%22%3A%22Option%201%5CnOption%202%22%2C%22scaleNumbersMin%22%3A1%2C%22scaleNumbersMax%22%3A10%2C%22leftCaption%22%3A%22Not%20likely%22%2C%22rightCaption%22%3A%22Very%20likely%22%2C%22fileLinkCaption%22%3A%22Choose%20file%22%2C%22fileDragCaption%22%3A%22or%20drag%20%26%20drop%20here%22%2C%22text%22%3A%22Text%22%2C%22title%22%3A%22Heading%22%2C%22caption%22%3A%22%22%2C%22value%22%3A%22%22%2C%22labelText%22%3A%22Label%22%2C%22dateTime%22%3A%22date%22%2C%22dateFormat%22%3A%22d.m.Y%22%2C%22timeFormat%22%3A%22H%3Ai%22%2C%22starsCount%22%3A5%2C%22required%22%3Afalse%2C%22description%22%3A%22%22%2C%22columnWidth%22%3A50%2C%22elementColumnWidth%22%3A100%2C%22fileAllowedAll%22%3Atrue%2C%22fileAllowed%22%3A%5B%22.jpg%22%2C%22.jpeg%22%2C%22.png%22%2C%22.gif%22%2C%22.txt%22%2C%22.pdf%22%2C%22.doc%22%2C%22.docx%22%2C%22.pages%22%2C%22.numbers%22%2C%22.xls%22%2C%22.xlsx%22%2C%22.odt%22%2C%22.ppt%22%2C%22.pptx%22%2C%22.pps%22%2C%22.ppsx%22%2C%22.html%22%5D%2C%22fileMax%22%3A25%2C%22fields%22%3A%22%22%2C%22id%22%3A%22%5B%5D%22%7D%2C%7B%22type%22%3A%22textarea%22%2C%22label%22%3A%22%22%2C%22description%22%3A%22%22%2C%22placeholder%22%3A%22Miten%20voimme%20auttaa%3F%22%2C%22required%22%3Atrue%2C%22columnWidth%22%3A100%2C%22id%22%3A%22%5B%5D%22%7D%5D%2C%22headerActive%22%3Afalse%2C%22headerTitle%22%3A%22Ota%20yhteytt%5Cu00e4%21%22%2C%22headerText%22%3A%22Haluatko%20tarjouksen%20yrityksellesi%20vai%20askarruttaako%20jokin%3F%22%2C%22headerPictureUrl%22%3A%22feedback%22%2C%22footerText%22%3A%22%22%2C%22actionAfterSubmit%22%3A%22redirect%22%2C%22successMessage%22%3A%22Viestisi%20on%20l%5Cu00e4hetetty%21%20Palaamme%20sinulle%20mahdollisimman%20pian%26nbsp%3B%5Cud83d%5Cude0a%22%2C%22successContinueText%22%3A%22T%5Cu00e4m%5Cu00e4%20selv%5Cu00e4%21%22%2C%22redirectUrl%22%3A%22https%3A%5C%2F%5C%2Fpictue.com%5C%2Fkiitos-yhteydenotosta%5C%2F%22%2C%22submitText%22%3A%22L%5Cu00e4het%5Cu00e4%22%2C%22stepsMessagesDivider%22%3Anull%2C%22stepsMessagesTitle%22%3Anull%2C%22stepsText%22%3A%22step%20%251%20of%20%252%22%2C%22stepBackText%22%3A%22Back%22%2C%22stepNextText%22%3A%22Next%22%2C%22errorMessageAllRequired%22%3A%22T%5Cu00e4yt%5Cu00e4%20kaikki%20pakolliset%20tiedot.%22%2C%22errorMessageAllIncorrect%22%3A%22Virheit%5Cu00e4%20t%5Cu00e4ytt%5Cu00e4m%5Cu00e4ss%5Cu00e4si%20tiedoissa.%22%2C%22errorMessageSetMailTo%22%3A%22Annathan%20s%5Cu00e4hk%5Cu00f6postiosoitteesi.%22%2C%22errorMessageRequiredCaptcha%22%3A%22Varmista%20ettet%20ole%20robotti%2C%20emme%20pid%5Cu00e4%20niist%5Cu00e4.%22%2C%22errorMessageFileSizeLimit%22%3A%22Liian%20suuri%20tiedostokoko.%22%2C%22errorMessageFileNotAllowed%22%3A%22Tiedostotyyppi%5Cu00e4%20ei%20hyv%5Cu00e4ksyt%5Cu00e4.%22%2C%22errorMessageUnknown%22%3A%22Tuntematon%20virhe%2C%20sattuu%20virheit%5Cu00e4%20n%5Cu00e4k%5Cu00f6j%5Cu00e4%5Cu00e4n%20paremmillekkin.%22%2C%22errorMessageRequired%22%3A%22Pakollinen%20kentt%5Cu00e4.%22%2C%22errorMessageInvalid%22%3A%22Virhe.%22%2C%22errorMessageInvalidEmail%22%3A%22Virheellinen%20s%5Cu00e4hk%5Cu00f6posti.%22%2C%22errorMessageInvalidPhone%22%3A%22Virheellinen%20puhelinnumero.%22%2C%22errorMessageInvalidUrl%22%3A%22Virheellinen%20osoite.%22%2C%22calendarWeekdaysShorthand%22%3A%22Su%5CnMa%5CnTi%5CnKe%5CnTo%5CnPe%5CnLa%22%2C%22calendarMonthsLonghand%22%3A%22Tammikuu%5CnHelmikuu%5CnMaaliskuu%5CnHuhtikuu%5CnToukokuu%5CnKes%5Cu00e4kuu%5CnHein%5Cu00e4kuu%5CnElokuu%5CnSyyskuu%5CnLokakuu%5CnMarraskuu%5CnJoulukuu%22%2C%22showProgress%22%3Atrue%2C%22recaptchaType%22%3A%22checkbox%22%2C%22integrationsGoogleToken%22%3A%22%22%2C%22integrationsGoogleSheetId%22%3A%22%22%2C%22layout%22%3A%22default%22%2C%22floatingIcon%22%3A%22message%22%2C%22floatingText%22%3A%22%22%2C%22floatingPosition%22%3A%22right%22%2C%22width%22%3A%22100%25%22%2C%22style%22%3A%22classic-rounded%22%2C%22mainColor%22%3A%22rgb%28226%2C%20172%2C%2091%29%22%2C%22apiUrl%22%3A%22http%3A%5C%2F%5C%2F31.217.196.248%5C%2F~sggvcoqb%5C%2Fwp-json%5C%2Felfsight-contact-form%5C%2Fapi%22%2C%22recaptchaKeyCheckbox%22%3A%226LfXGHgUAAAAAHNIE_EH7kEI1l4xvf_ynIlg5bfo%22%2C%22recaptchaKeyInvisible%22%3A%226Ld1CXgUAAAAAFTHmixC1Eo-NP7_3ddB1YOj9AfX%22%2C%22widgetId%22%3A%226%22%7D\" \n                data-elfsight-contact-form-version=\"2.3.1\"\n                data-elfsight-widget-id=\"elfsight-contact-form-6\">\n            <\/div>\n            \n\t\t\n<style>\n#text-3369257445 {\n  text-align: center;\n}\n@media (min-width:550px) {\n  #text-3369257445 {\n    text-align: center;\n  }\n}\n<\/style>\n\t<\/div>\n\t\n\n\t\t<\/div>\n\t\t\t\t\t<\/div>\n\n\t\n\n<\/div>\n\n\t\t<\/div>\n\n\t\t\n<style>\n#section_553898384 {\n  padding-top: 70px;\n  padding-bottom: 70px;\n  background-color: rgb(244, 244, 244);\n}\n@media (min-width:550px) {\n  #section_553898384 {\n    padding-top: 90px;\n    padding-bottom: 90px;\n  }\n}\n<\/style>\n\t<\/section>\n\t\n\t<section class=\"section\" id=\"section_983730196\">\n\t\t<div class=\"bg section-bg fill bg-fill bg-loaded bg-loaded\" >\n\n\t\t\t\n\t\t\t\n\t\t\t\n\n\t\t<\/div>\n\n\t\t\n\n\t\t<div class=\"section-content relative\">\n\t\t\t\n\n\n\n<p><!-- Calendly inline widget begin --><\/p>\n<div class=\"calendly-inline-widget\" data-url=\"https:\/\/calendly.com\/ville-hyvarinen\/15min\" style=\"min-width:320px;height:700px;\"><\/div>\n<p><script type=\"text\/javascript\" src=\"https:\/\/assets.calendly.com\/assets\/external\/widget.js\" async=\"\"><\/script><br \/>\n<!-- Calendly inline widget end --><\/p>\n\n\n\t\t<\/div>\n\n\t\t\n<style>\n#section_983730196 {\n  padding-top: 30px;\n  padding-bottom: 30px;\n}\n<\/style>\n\t<\/section>\n\t\n\t<section class=\"section dark\" id=\"section_278763823\">\n\t\t<div class=\"bg section-bg fill bg-fill bg-loaded bg-loaded\" >\n\n\t\t\t\n\t\t\t\n\t\t\t\n\n\t\t<\/div>\n\n\t\t\n\n\t\t<div class=\"section-content relative\">\n\t\t\t\n\n<div class=\"row align-equal\"  id=\"row-156590305\">\n\n\n\t<div id=\"col-549154209\" class=\"col small-12 large-12\"  >\n\t\t\t\t<div class=\"col-inner\"  >\n\t\t\t\n\t\t\t\n\n\t<div id=\"gap-507605368\" class=\"gap-element clearfix hide-for-small\" style=\"display:block; height:auto;\">\n\t\t\n<style>\n#gap-507605368 {\n  padding-top: 50px;\n}\n<\/style>\n\t<\/div>\n\t\n\n<h1 style=\"text-align: center;\"><span style=\"font-size: 150%;\">Tiimi<\/span><\/h1>\n\n\t\t<\/div>\n\t\t\t\t\t<\/div>\n\n\t\n\n\t<div id=\"col-2037760119\" class=\"col medium-4 small-12 large-4\"  >\n\t\t\t\t<div class=\"col-inner dark\" style=\"background-color:rgb(17, 45, 79);\" >\n\t\t\t\n\t\t\t\n\n<p><span style=\"color: #e2ac5b; font-size: 120%;\">CEO<br \/><\/span><span style=\"font-size: 25.920000076293945px; color: #ffffff;\">Ville Hyv\u00e4rinen<\/span><\/p>\n<p><span style=\"color: #e2ac5b;\"><i class=\"fas fa-at\"><\/i><\/span> ville.hyvarinen@pictue.com<br \/><span style=\"color: #e2ac5b;\"><i class=\"fas fa-phone\"><\/i><\/span> <a href=\"tel:+358445828830\">+358 44 5828830<\/a><\/p>\n<div class=\"social-icons follow-icons full-width text-left\" style=\"font-size:120%\"><a href=\"https:\/\/www.linkedin.com\/in\/ville-hyv\u00e4rinen\/\" data-label=\"LinkedIn\" target=\"_blank\" class=\"icon plain linkedin tooltip\" title=\"Follow on LinkedIn\" aria-label=\"Follow on LinkedIn\" rel=\"noopener nofollow\" ><i class=\"icon-linkedin\" ><\/i><\/a><\/div>\n\n\n\t\t<\/div>\n\t\t\t\t\n<style>\n#col-2037760119 > .col-inner {\n  padding: 35px 35px 35px 35px;\n  border-radius: 20px;\n}\n<\/style>\n\t<\/div>\n\n\t\n\n\n\t<div id=\"col-602325158\" class=\"col medium-4 small-12 large-4\"  >\n\t\t\t\t<div class=\"col-inner dark\" style=\"background-color:rgb(17, 45, 79);\" >\n\t\t\t\n\t\t\t\n\n<p><span style=\"color: #e2ac5b; font-size: 120%;\">Hallituksen puheenjohtaja<br \/><\/span><span style=\"font-size: 25.920000076293945px; color: #ffffff;\">Jan-Erik Lindfors<\/span><\/p>\n<p><span style=\"color: #e2ac5b;\"><i class=\"fas fa-at\"><\/i><\/span> je.lindfors@pictue.com<\/p>\n<div class=\"social-icons follow-icons full-width text-left\" style=\"font-size:120%\"><a href=\"https:\/\/fi.linkedin.com\/in\/lindforsj\" data-label=\"LinkedIn\" target=\"_blank\" class=\"icon plain linkedin tooltip\" title=\"Follow on LinkedIn\" aria-label=\"Follow on LinkedIn\" rel=\"noopener nofollow\" ><i class=\"icon-linkedin\" ><\/i><\/a><\/div>\n\n\n\t\t<\/div>\n\t\t\t\t\n<style>\n#col-602325158 > .col-inner {\n  padding: 35px 35px 35px 35px;\n  border-radius: 20px;\n}\n<\/style>\n\t<\/div>\n\n\t\n\n\t<div id=\"col-1196864094\" class=\"col medium-4 small-12 large-4\"  >\n\t\t\t\t<div class=\"col-inner dark\" style=\"background-color:rgb(17, 45, 79);\" >\n\t\t\t\n\t\t\t\n\n<p><span style=\"color: #e2ac5b; font-size: 120%;\">Tuki<br \/><\/span><span style=\"font-size: 25.920000076293945px; color: #ffffff;\">Pictue tukitiimi<\/span><\/p>\n<p><span style=\"color: #e2ac5b;\"><i class=\"fas fa-at\"><\/i><\/span> support@pictue.com<br \/><span style=\"color: #e2ac5b;\"><i class=\"fas fa-phone\"><\/i><\/span> <a href=\"tel:+358505401412\">+358 50 540 1412<\/a><\/p>\n<div class=\"social-icons follow-icons full-width text-left\" style=\"font-size:120%\"><a href=\"https:\/\/www.linkedin.com\/company\/pictue\" data-label=\"LinkedIn\" target=\"_blank\" class=\"icon plain linkedin tooltip\" title=\"Follow on LinkedIn\" aria-label=\"Follow on LinkedIn\" rel=\"noopener nofollow\" ><i class=\"icon-linkedin\" ><\/i><\/a><\/div>\n\n\n\t\t<\/div>\n\t\t\t\t\n<style>\n#col-1196864094 > .col-inner {\n  padding: 35px 35px 35px 35px;\n  border-radius: 20px;\n}\n<\/style>\n\t<\/div>\n\n\t\n\n\t<div id=\"col-789063483\" class=\"col medium-4 small-12 large-4\"  >\n\t\t\t\t<div class=\"col-inner dark\" style=\"background-color:rgb(17, 45, 79);\" >\n\t\t\t\n\t\t\t\n\n<p><span style=\"color: #e2ac5b; font-size: 120%;\">Liiketoimintakehitys &#038; kansainv\u00e4listyminen<br \/><\/span><span style=\"font-size: 25.920000076293945px; color: #ffffff;\">Timothy West<\/span><\/p>\n<div class=\"social-icons follow-icons full-width text-left\" style=\"font-size:120%\"><a href=\"https:\/\/www.linkedin.com\/company\/pictue\" data-label=\"LinkedIn\" target=\"_blank\" class=\"icon plain linkedin tooltip\" title=\"Follow on LinkedIn\" aria-label=\"Follow on LinkedIn\" rel=\"noopener nofollow\" ><i class=\"icon-linkedin\" ><\/i><\/a><\/div>\n\n\n\t\t<\/div>\n\t\t\t\t\n<style>\n#col-789063483 > .col-inner {\n  padding: 35px 35px 35px 35px;\n  border-radius: 20px;\n}\n<\/style>\n\t<\/div>\n\n\t\n\n\t<div id=\"col-1338379536\" class=\"col medium-4 small-12 large-4\"  >\n\t\t\t\t<div class=\"col-inner dark\" style=\"background-color:rgb(17, 45, 79);\" >\n\t\t\t\n\t\t\t\n\n<p><span style=\"color: #e2ac5b; font-size: 120%;\">Talousjohtaja<br \/><\/span><span style=\"font-size: 25.920000076293945px; color: #ffffff;\">Simon<\/span><\/p>\n<div class=\"social-icons follow-icons full-width text-left\" style=\"font-size:120%\"><a href=\"https:\/\/www.linkedin.com\/company\/pictue\" data-label=\"LinkedIn\" target=\"_blank\" class=\"icon plain linkedin tooltip\" title=\"Follow on LinkedIn\" aria-label=\"Follow on LinkedIn\" rel=\"noopener nofollow\" ><i class=\"icon-linkedin\" ><\/i><\/a><\/div>\n\n\n\t\t<\/div>\n\t\t\t\t\n<style>\n#col-1338379536 > .col-inner {\n  padding: 35px 35px 35px 35px;\n  border-radius: 20px;\n}\n<\/style>\n\t<\/div>\n\n\t\n\n\t<div id=\"col-1423958975\" class=\"col medium-4 small-12 large-4\"  >\n\t\t\t\t<div class=\"col-inner dark\" style=\"background-color:rgb(17, 45, 79);\" >\n\t\t\t\n\t\t\t\n\n<p><span style=\"color: #e2ac5b; font-size: 120%;\">Smart Cities<br \/><\/span><span style=\"font-size: 25.920000076293945px; color: #ffffff;\">Janne Halmela<\/span><\/p>\n<div class=\"social-icons follow-icons full-width text-left\" style=\"font-size:120%\"><a href=\"https:\/\/www.linkedin.com\/company\/pictue\" data-label=\"LinkedIn\" target=\"_blank\" class=\"icon plain linkedin tooltip\" title=\"Follow on LinkedIn\" aria-label=\"Follow on LinkedIn\" rel=\"noopener nofollow\" ><i class=\"icon-linkedin\" ><\/i><\/a><\/div>\n\n\n\t\t<\/div>\n\t\t\t\t\n<style>\n#col-1423958975 > .col-inner {\n  padding: 35px 35px 35px 35px;\n  border-radius: 20px;\n}\n<\/style>\n\t<\/div>\n\n\t\n\n\t<div id=\"col-1723438442\" class=\"col medium-4 small-12 large-4\"  >\n\t\t\t\t<div class=\"col-inner dark\" style=\"background-color:rgb(17, 45, 79);\" >\n\t\t\t\n\t\t\t\n\n<p><span style=\"color: #e2ac5b; font-size: 120%;\">Markkinointi<br \/><\/span><span style=\"font-size: 25.920000076293945px; color: #ffffff;\">Eemil<\/span><\/p>\n<div class=\"social-icons follow-icons full-width text-left\" style=\"font-size:120%\"><a href=\"https:\/\/www.linkedin.com\/company\/pictue\" data-label=\"LinkedIn\" target=\"_blank\" class=\"icon plain linkedin tooltip\" title=\"Follow on LinkedIn\" aria-label=\"Follow on LinkedIn\" rel=\"noopener nofollow\" ><i class=\"icon-linkedin\" ><\/i><\/a><\/div>\n\n\n\t\t<\/div>\n\t\t\t\t\n<style>\n#col-1723438442 > .col-inner {\n  padding: 35px 35px 35px 35px;\n  border-radius: 20px;\n}\n<\/style>\n\t<\/div>\n\n\t\n\n\t<div id=\"col-262980540\" class=\"col medium-4 small-12 large-4\"  >\n\t\t\t\t<div class=\"col-inner dark\" style=\"background-color:rgb(17, 45, 79);\" >\n\t\t\t\n\t\t\t\n\n<p><span style=\"color: #e2ac5b; font-size: 120%;\">CRO<br \/><\/span><span style=\"font-size: 25.920000076293945px; color: #ffffff;\">Oskar Smeds<\/span><\/p>\n\n<div class=\"social-icons follow-icons full-width text-left\" style=\"font-size:120%\"><a href=\"https:\/\/www.linkedin.com\/company\/pictue\" data-label=\"LinkedIn\" target=\"_blank\" class=\"icon plain linkedin tooltip\" title=\"Follow on LinkedIn\" aria-label=\"Follow on LinkedIn\" rel=\"noopener nofollow\" ><i class=\"icon-linkedin\" ><\/i><\/a><\/div>\n\n\n\t\t<\/div>\n\t\t\t\t\n<style>\n#col-262980540 > .col-inner {\n  padding: 35px 35px 35px 35px;\n  border-radius: 20px;\n}\n<\/style>\n\t<\/div>\n\n\t\n\n\t<div id=\"col-1378863353\" class=\"col medium-4 small-12 large-4\"  >\n\t\t\t\t<div class=\"col-inner\"  >\n\t\t\t\n\t\t\t\n\n\n\t\t<\/div>\n\t\t\t\t\t<\/div>\n\n\t\n\n<\/div>\n\t<div id=\"gap-1312389044\" class=\"gap-element clearfix hide-for-small\" style=\"display:block; height:auto;\">\n\t\t\n<style>\n#gap-1312389044 {\n  padding-top: 50px;\n}\n<\/style>\n\t<\/div>\n\t\n\n\n\t\t<\/div>\n\n\t\t\n<style>\n#section_278763823 {\n  padding-top: 30px;\n  padding-bottom: 30px;\n  background-color: #1a3d7a;\n}\n<\/style>\n\t<\/section>\n\t\n\t<section class=\"section\" id=\"section_2021451388\">\n\t\t<div class=\"bg section-bg fill bg-fill bg-loaded bg-loaded\" >\n\n\t\t\t\n\t\t\t\n\t\t\t\n\n\t\t<\/div>\n\n\t\t\n\n\t\t<div class=\"section-content relative\">\n\t\t\t\n\n<div class=\"row align-center\"  id=\"row-1999534556\">\n\n\n\t<div id=\"col-372341987\" class=\"col medium-5 small-12 large-5\"  >\n\t\t\t\t<div class=\"col-inner text-center\"  >\n\t\t\t\n\t\t\t\n\n\t<div id=\"text-1120620650\" class=\"text\">\n\t\t\n\n<h2>Laskutustiedot<\/h2>\n\t\t\n<style>\n#text-1120620650 {\n  font-size: 1.5rem;\n}\n<\/style>\n\t<\/div>\n\t\n\n\t\t<\/div>\n\t\t\t\t\t<\/div>\n\n\t\n\n<\/div>\n<div class=\"row row-small align-center\"  id=\"row-420111591\">\n\n\n\t<div id=\"col-1540081856\" class=\"col medium-8 small-12 large-8\"  >\n\t\t\t\t<div class=\"col-inner dark\" style=\"background-color:rgb(17, 45, 79);\" >\n\t\t\t\n\t\t\t\n\n<p style=\"text-align: left;\"><span style=\"color: #e2ac5b; font-size: 120%;\">3266489-9<br \/><\/span><span style=\"font-size: 180%; color: #ffffff;\">Pictue Oy<\/span><\/p>\n<p style=\"text-align: left;\"><span style=\"color: #e2ac5b;\">Verkkolaskuosoite:<\/span> 003732664899<br \/><span style=\"color: #e2ac5b;\">Operaattoritunnus: <\/span>003708599126<br \/><span style=\"color: #e2ac5b;\">V\u00e4litt\u00e4j\u00e4:&nbsp;<\/span>OpenText<br \/><span style=\"color: #e2ac5b;\">S\u00e4hk\u00f6postilaskut: <\/span>fennoa.509043@erin.posti.com<\/p>\n\n\t\t<\/div>\n\t\t\t\t\n<style>\n#col-1540081856 > .col-inner {\n  padding: 35px 35px 25px 35px;\n  border-radius: 20px;\n}\n<\/style>\n\t<\/div>\n\n\t\n\n<\/div>\n\n\t\t<\/div>\n\n\t\t\n<style>\n#section_2021451388 {\n  padding-top: 30px;\n  padding-bottom: 30px;\n  background-color: rgb(244, 244, 244);\n}\n@media (min-width:550px) {\n  #section_2021451388 {\n    padding-top: 90px;\n    padding-bottom: 90px;\n  }\n}\n<\/style>\n\t<\/section>\n\t\n\t<section class=\"section\" id=\"section_2125954038\">\n\t\t<div class=\"bg section-bg fill bg-fill bg-loaded bg-loaded\" >\n\n\t\t\t\n\t\t\t\n\t\t\t\n\n\t\t<\/div>\n\n\t\t\n\n\t\t<div class=\"section-content relative\">\n\t\t\t\n\n<div class=\"row\" style=\"max-width:700px\" id=\"row-88871795\">\n\n\n\t<div id=\"col-694414490\" class=\"col small-12 large-12\"  >\n\t\t\t\t<div class=\"col-inner text-center\"  >\n\t\t\t\n\t\t\t\n\n\t<div id=\"text-3323968723\" class=\"text\">\n\t\t\n\n<h4><span style=\"font-size: 100%;\">@Pictue<\/span><\/h4>\n\t\t\n<style>\n#text-3323968723 {\n  font-size: 1.5rem;\n  text-align: center;\n}\n<\/style>\n\t<\/div>\n\t\n<div class=\"social-icons follow-icons full-width text-center\" style=\"font-size:92%\"><a href=\"https:\/\/www.facebook.com\/Pictue-100205459471357\" target=\"_blank\" data-label=\"Facebook\" class=\"icon primary button circle facebook tooltip\" title=\"Follow on Facebook\" aria-label=\"Follow on Facebook\" rel=\"noopener nofollow\" ><i class=\"icon-facebook\" ><\/i><\/a><a href=\"https:\/\/www.instagram.com\/pictue_official\/\" target=\"_blank\" data-label=\"Instagram\" class=\"icon primary button circle instagram tooltip\" title=\"Follow on Instagram\" aria-label=\"Follow on Instagram\" rel=\"noopener nofollow\" ><i class=\"icon-instagram\" ><\/i><\/a><a href=\"https:\/\/www.linkedin.com\/company\/pictue\" data-label=\"LinkedIn\" target=\"_blank\" class=\"icon primary button circle linkedin tooltip\" title=\"Follow on LinkedIn\" aria-label=\"Follow on LinkedIn\" rel=\"noopener nofollow\" ><i class=\"icon-linkedin\" ><\/i><\/a><\/div>\n\n\n\t\t<\/div>\n\t\t\t\t\t<\/div>\n\n\t\n\n<\/div>\n\n\t\t<\/div>\n\n\t\t\n<style>\n#section_2125954038 {\n  padding-top: 30px;\n  padding-bottom: 30px;\n  margin-bottom: -30px;\n}\n@media (min-width:550px) {\n  #section_2125954038 {\n    padding-top: 90px;\n    padding-bottom: 90px;\n  }\n}\n<\/style>\n\t<\/section>\n\t\n\n","protected":false},"excerpt":{"rendered":"","protected":false},"author":5,"featured_media":0,"parent":0,"menu_order":0,"comment_status":"closed","ping_status":"closed","template":"page-blank.php","meta":{"footnotes":""},"class_list":["post-1805","page","type-page","status-publish","hentry"],"aioseo_notices":[],"_links":{"self":[{"href":"http:\/\/31.217.196.248\/~sggvcoqb\/wp-json\/wp\/v2\/pages\/1805","targetHints":{"allow":["GET"]}}],"collection":[{"href":"http:\/\/31.217.196.248\/~sggvcoqb\/wp-json\/wp\/v2\/pages"}],"about":[{"href":"http:\/\/31.217.196.248\/~sggvcoqb\/wp-json\/wp\/v2\/types\/page"}],"author":[{"embeddable":true,"href":"http:\/\/31.217.196.248\/~sggvcoqb\/wp-json\/wp\/v2\/users\/5"}],"replies":[{"embeddable":true,"href":"http:\/\/31.217.196.248\/~sggvcoqb\/wp-json\/wp\/v2\/comments?post=1805"}],"version-history":[{"count":61,"href":"http:\/\/31.217.196.248\/~sggvcoqb\/wp-json\/wp\/v2\/pages\/1805\/revisions"}],"predecessor-version":[{"id":6481,"href":"http:\/\/31.217.196.248\/~sggvcoqb\/wp-json\/wp\/v2\/pages\/1805\/revisions\/6481"}],"wp:attachment":[{"href":"http:\/\/31.217.196.248\/~sggvcoqb\/wp-json\/wp\/v2\/media?parent=1805"}],"curies":[{"name":"wp","href":"https:\/\/api.w.org\/{rel}","templated":true}]}}